{"id":88,"date":"2022-02-24T13:37:28","date_gmt":"2022-02-24T12:37:28","guid":{"rendered":"https:\/\/smartreflow.de\/?page_id=88"},"modified":"2022-04-05T11:46:19","modified_gmt":"2022-04-05T09:46:19","slug":"i-clean","status":"publish","type":"page","link":"https:\/\/smartreflow.de\/index.php\/i-clean\/","title":{"rendered":"i.clean"},"content":{"rendered":"<div style=\"width: 525px;\" class=\"wp-video\"><video class=\"alignleft\" id=\"video-88-1\" width=\"525\" height=\"295\" preload=\"metadata\" controls=\"controls\"><source type=\"video\/mp4\" src=\"https:\/\/smartreflow.de\/wp-content\/uploads\/2022\/02\/iclean_final.mp4?_=1\" \/><a href=\"https:\/\/smartreflow.de\/wp-content\/uploads\/2022\/02\/iclean_final.mp4\">https:\/\/smartreflow.de\/wp-content\/uploads\/2022\/02\/iclean_final.mp4<\/a><\/video><\/div>\n<p>Das Gesamtsystem i.clean besteht aus dem eigentlichen <a href=\"https:\/\/smartreflow.de\/index.php\/sauger\/\">Reinigungsger\u00e4t<\/a> und einer <a href=\"https:\/\/smartreflow.de\/index.php\/ladebox\/\">Schnelladebox<\/a><\/p>\n<p>Beide Komponenten sind so aufeinander abgestimmt, dass &#8211; auch unter ung\u00fcnstigen Umgebungsbedingungen &#8211; die Ladedauer k\u00fcrzer ist als die Laufzeit des Saugers. Dadurch ist ein unterbrechungsfreier Reinigungseinsatz ohne Ladepausen gew\u00e4hrleistet.<\/p>\n<p><br clear=\"all\"><\/p>\n<hr>\n<p><img loading=\"lazy\" decoding=\"async\" class=\"alignleft size-large wp-image-216\" src=\"https:\/\/smartreflow.de\/wp-content\/uploads\/2022\/02\/Sauger-im-Regal_k-1-1024x663.jpg\" alt=\"\" width=\"525\" height=\"340\" srcset=\"https:\/\/smartreflow.de\/wp-content\/uploads\/2022\/02\/Sauger-im-Regal_k-1-1024x663.jpg 1024w, https:\/\/smartreflow.de\/wp-content\/uploads\/2022\/02\/Sauger-im-Regal_k-1-300x194.jpg 300w, https:\/\/smartreflow.de\/wp-content\/uploads\/2022\/02\/Sauger-im-Regal_k-1-768x497.jpg 768w, https:\/\/smartreflow.de\/wp-content\/uploads\/2022\/02\/Sauger-im-Regal_k-1.jpg 1500w\" sizes=\"auto, (max-width: 525px) 100vw, 525px\" \/><span style=\"color: #db9124; font-size: 14pt;\">Technische Daten i.clean 4.17<\/span><br \/>\nAbmessungen: B x L x H = 400 mm x 600 mm x 171 mm<br \/>\nGesamtmasse incl. Akku: 23 kg<br \/>\nLeistung Sauggebl\u00e4se: max. 1000 W<br \/>\nAkkulaufzeit: 120 min im Ecomode\u037e 60 min im Turbomode<br \/>\nLadedauer: 60 min (Li-Ionen Wechselakku)<br \/>\nArbeitsbreite: 400 mm &#8230; 440 mm (Sonderabmessungen sind m\u00f6glich)<br \/>\nReinigungszeit pro Stellplatz: 5 sec &#8230; 7 sec (abh\u00e4ngig von der Leistung des RBG)<br \/>\n<br clear=\"all\"><\/p>\n<p>Der i.clean AKL turbo 4.17 nutzt die ohnehin vorhandene Infrastruktur (RBG), um Ihr Lager vollautomatisch zu reinigen.<\/p>\n<ul>\n<li>schnell \u2013 ab 5 sec pro Stellplatz<\/li>\n<li>sicher \u2013 kein Personal im Lager<\/li>\n<li>gr\u00fcndlich \u2013 kein Fach wird vergessen<\/li>\n<li>wirtschaftlich<\/li>\n<\/ul>\n<p>Der i.clean AKL turbo 4.17 entspricht in Abmessungen, und Maximalgewicht und Au\u00dfenkontur dem gebr\u00e4uchlichsten Beh\u00e4lter f\u00fcr automatische Kleinteilelager.<br \/>\nVon der Regaltechnik wird er gehandhabt wie ein gew\u00f6hnlicher Lagerbeh\u00e4lter<br \/>\nDurch die die integrierte Fach-Einfahrtserkennung kann der i.clean AKL turbo 4.17 gehandhabt werden wie ein gew\u00f6hnlicher Beh\u00e4lter \u2013 incl. Transport \u00fcber die Vorzone.<br \/>\nErst im Regalfach wird aus dem Beh\u00e4lter ein hochwirksames automatisches Reinigungssystem:<br \/>\nZwei ausfahrbare Saugd\u00fcsen wirken auf die gesamte Fachbreite.<br \/>\nEin Hochleistungsgebl\u00e4se und ein Staub-Abscheidesystem in Multizyklontechnik bef\u00f6rdern den Staub von den Auflagewinkeln in den mitgef\u00fchrten Sammelbeh\u00e4lter.<\/p>\n<h2>Sonderabmessungen auf Anfrage.<\/h2>\n<p>Verf\u00fcgbar auch f\u00fcr Sie:<\/p>\n<ul>\n<li>Regalreinigung als Dienstleistung<\/li>\n<li>als Kaufsystem<\/li>\n<\/ul>\n","protected":false},"excerpt":{"rendered":"<p>Das Gesamtsystem i.clean besteht aus dem eigentlichen Reinigungsger\u00e4t und einer Schnelladebox Beide Komponenten sind so aufeinander abgestimmt, dass &#8211; auch unter ung\u00fcnstigen Umgebungsbedingungen &#8211; die Ladedauer k\u00fcrzer ist als die Laufzeit des Saugers. Dadurch ist ein unterbrechungsfreier Reinigungseinsatz ohne Ladepausen gew\u00e4hrleistet. Technische Daten i.clean 4.17 Abmessungen: B x L x H = 400 mm x &hellip; <\/p>\n<p class=\"link-more\"><a href=\"https:\/\/smartreflow.de\/index.php\/i-clean\/\" class=\"more-link\"><span class=\"screen-reader-text\">\u201ei.clean\u201c <\/span>weiterlesen<\/a><\/p>\n","protected":false},"author":1,"featured_media":0,"parent":0,"menu_order":0,"comment_status":"closed","ping_status":"closed","template":"","meta":{"ngg_post_thumbnail":0,"footnotes":""},"class_list":["post-88","page","type-page","status-publish","hentry"],"_links":{"self":[{"href":"https:\/\/smartreflow.de\/index.php\/wp-json\/wp\/v2\/pages\/88","targetHints":{"allow":["GET"]}}],"collection":[{"href":"https:\/\/smartreflow.de\/index.php\/wp-json\/wp\/v2\/pages"}],"about":[{"href":"https:\/\/smartreflow.de\/index.php\/wp-json\/wp\/v2\/types\/page"}],"author":[{"embeddable":true,"href":"https:\/\/smartreflow.de\/index.php\/wp-json\/wp\/v2\/users\/1"}],"replies":[{"embeddable":true,"href":"https:\/\/smartreflow.de\/index.php\/wp-json\/wp\/v2\/comments?post=88"}],"version-history":[{"count":24,"href":"https:\/\/smartreflow.de\/index.php\/wp-json\/wp\/v2\/pages\/88\/revisions"}],"predecessor-version":[{"id":370,"href":"https:\/\/smartreflow.de\/index.php\/wp-json\/wp\/v2\/pages\/88\/revisions\/370"}],"wp:attachment":[{"href":"https:\/\/smartreflow.de\/index.php\/wp-json\/wp\/v2\/media?parent=88"}],"curies":[{"name":"wp","href":"https:\/\/api.w.org\/{rel}","templated":true}]}}