{"id":83,"date":"2022-02-24T13:35:57","date_gmt":"2022-02-24T12:35:57","guid":{"rendered":"https:\/\/smartreflow.de\/?page_id=83"},"modified":"2022-03-15T19:10:00","modified_gmt":"2022-03-15T18:10:00","slug":"filterbox-mistral","status":"publish","type":"page","link":"https:\/\/smartreflow.de\/index.php\/filterbox-mistral\/","title":{"rendered":"Hei\u00dfluft-Filterbox mistral"},"content":{"rendered":"<p><img loading=\"lazy\" decoding=\"async\" src=\"https:\/\/smartreflow.de\/wp-content\/uploads\/2022\/02\/Filterbox_db_matik_expl.jpg\" alt=\"\" width=\"800\" height=\"518\" class=\"alignleft size-full wp-image-280\" srcset=\"https:\/\/smartreflow.de\/wp-content\/uploads\/2022\/02\/Filterbox_db_matik_expl.jpg 800w, https:\/\/smartreflow.de\/wp-content\/uploads\/2022\/02\/Filterbox_db_matik_expl-300x194.jpg 300w, https:\/\/smartreflow.de\/wp-content\/uploads\/2022\/02\/Filterbox_db_matik_expl-768x497.jpg 768w\" sizes=\"auto, (max-width: 706px) 89vw, (max-width: 767px) 82vw, 740px\" \/>Die Hei\u00dfluft-Filterbox mistral vereinigt eine Filterbox f\u00fcr Panelfilter der Standardabmessungen 592 x 592 x 96 mit einem Hei\u00dfluft-Saugzuggebl\u00e4se in einem kompakten Edelstahlgeh\u00e4use. Zur Verl\u00e4ngerung der Filter-Standzeit kann optional noch ein V-Zyklon eingeschoben werden.<\/p>\n<p>Volumenstrom: 1000m\u00b3\/h<br \/>\nVerwendbare Filterklassen: G1 bis H13<br \/>\nMax. F\u00f6rdermitteltemperatur: 250\u00b0C<br \/>\nAnschlussleistung 250 W<br \/>\nMax. Umgebungstemperatur: 105\u00b0C<br \/>\nAnschl\u00fcsse: Dmr 150 System \u201eJacob\u201c<\/p>\n<p><br clear=\"both\"><\/p>\n<p><img loading=\"lazy\" decoding=\"async\" src=\"https:\/\/smartreflow.de\/wp-content\/uploads\/2022\/02\/Filterboxox_db_matik.jpg\" alt=\"\" width=\"800\" height=\"518\" class=\"alignnone size-full wp-image-281\" srcset=\"https:\/\/smartreflow.de\/wp-content\/uploads\/2022\/02\/Filterboxox_db_matik.jpg 800w, https:\/\/smartreflow.de\/wp-content\/uploads\/2022\/02\/Filterboxox_db_matik-300x194.jpg 300w, https:\/\/smartreflow.de\/wp-content\/uploads\/2022\/02\/Filterboxox_db_matik-768x497.jpg 768w\" sizes=\"auto, (max-width: 706px) 89vw, (max-width: 767px) 82vw, 740px\" \/><\/p>\n","protected":false},"excerpt":{"rendered":"<p>Die Hei\u00dfluft-Filterbox mistral vereinigt eine Filterbox f\u00fcr Panelfilter der Standardabmessungen 592 x 592 x 96 mit einem Hei\u00dfluft-Saugzuggebl\u00e4se in einem kompakten Edelstahlgeh\u00e4use. Zur Verl\u00e4ngerung der Filter-Standzeit kann optional noch ein V-Zyklon eingeschoben werden. Volumenstrom: 1000m\u00b3\/h Verwendbare Filterklassen: G1 bis H13 Max. F\u00f6rdermitteltemperatur: 250\u00b0C Anschlussleistung 250 W Max. Umgebungstemperatur: 105\u00b0C Anschl\u00fcsse: Dmr 150 System \u201eJacob\u201c<\/p>\n","protected":false},"author":1,"featured_media":0,"parent":0,"menu_order":0,"comment_status":"closed","ping_status":"closed","template":"","meta":{"ngg_post_thumbnail":0,"footnotes":""},"class_list":["post-83","page","type-page","status-publish","hentry"],"_links":{"self":[{"href":"https:\/\/smartreflow.de\/index.php\/wp-json\/wp\/v2\/pages\/83","targetHints":{"allow":["GET"]}}],"collection":[{"href":"https:\/\/smartreflow.de\/index.php\/wp-json\/wp\/v2\/pages"}],"about":[{"href":"https:\/\/smartreflow.de\/index.php\/wp-json\/wp\/v2\/types\/page"}],"author":[{"embeddable":true,"href":"https:\/\/smartreflow.de\/index.php\/wp-json\/wp\/v2\/users\/1"}],"replies":[{"embeddable":true,"href":"https:\/\/smartreflow.de\/index.php\/wp-json\/wp\/v2\/comments?post=83"}],"version-history":[{"count":8,"href":"https:\/\/smartreflow.de\/index.php\/wp-json\/wp\/v2\/pages\/83\/revisions"}],"predecessor-version":[{"id":358,"href":"https:\/\/smartreflow.de\/index.php\/wp-json\/wp\/v2\/pages\/83\/revisions\/358"}],"wp:attachment":[{"href":"https:\/\/smartreflow.de\/index.php\/wp-json\/wp\/v2\/media?parent=83"}],"curies":[{"name":"wp","href":"https:\/\/api.w.org\/{rel}","templated":true}]}}