{"id":81,"date":"2022-02-24T13:35:17","date_gmt":"2022-02-24T12:35:17","guid":{"rendered":"https:\/\/smartreflow.de\/?page_id=81"},"modified":"2022-03-14T19:34:04","modified_gmt":"2022-03-14T18:34:04","slug":"v-zyklon","status":"publish","type":"page","link":"https:\/\/smartreflow.de\/index.php\/v-zyklon\/","title":{"rendered":"V-Zyklon"},"content":{"rendered":"<p><img loading=\"lazy\" decoding=\"async\" src=\"https:\/\/smartreflow.de\/wp-content\/uploads\/2022\/02\/42G08568kk_V-Zyklon.jpg\" alt=\"\" width=\"800\" height=\"564\" class=\"alignleft size-full wp-image-189\" srcset=\"https:\/\/smartreflow.de\/wp-content\/uploads\/2022\/02\/42G08568kk_V-Zyklon.jpg 800w, https:\/\/smartreflow.de\/wp-content\/uploads\/2022\/02\/42G08568kk_V-Zyklon-300x212.jpg 300w, https:\/\/smartreflow.de\/wp-content\/uploads\/2022\/02\/42G08568kk_V-Zyklon-768x541.jpg 768w\" sizes=\"auto, (max-width: 706px) 89vw, (max-width: 767px) 82vw, 740px\" \/>Der zerlegbare Tropfenabscheider V-Zyklon h\u00e4lt Aerosole und fl\u00fcssige Partikel zur\u00fcck und kann damit die Standzeit der nachgelagerten Panel- oder Taschenfilter erheblich verl\u00e4ngern.<\/p>\n<p>Er sch\u00fctzt diese au\u00dferdem vor Besch\u00e4digung durch aufprallende feste Partikel.<br \/>\nRahmen und Abscheidelamellen aus rostfreiem Stahl.<\/p>\n<p>Der V-Zyklon kann in Tauchb\u00e4dern mit allen g\u00e4ngigen Reinigungsmitteln bearbeitet werden. Zum Entfernen von hartn\u00e4ckigen Verschmutzungen kann er in zwei H\u00e4lften zerlegt und mittels Hochdruckreiniger gereinigt werden.<\/p>\n<p>Standardabmessungen 592 mm x 592 mm x 48 mm.<br \/>\nSonderabmessungen sind m\u00f6glich.<br \/>\n<br clear=\"both\"><br \/>\n<img loading=\"lazy\" decoding=\"async\" src=\"https:\/\/smartreflow.de\/wp-content\/uploads\/2022\/02\/42G08568k_V-Zyklon.jpg\" alt=\"\" width=\"800\" height=\"518\" class=\"alignnone size-full wp-image-190\" srcset=\"https:\/\/smartreflow.de\/wp-content\/uploads\/2022\/02\/42G08568k_V-Zyklon.jpg 800w, https:\/\/smartreflow.de\/wp-content\/uploads\/2022\/02\/42G08568k_V-Zyklon-300x194.jpg 300w, https:\/\/smartreflow.de\/wp-content\/uploads\/2022\/02\/42G08568k_V-Zyklon-768x497.jpg 768w\" sizes=\"auto, (max-width: 706px) 89vw, (max-width: 767px) 82vw, 740px\" \/><\/p>\n","protected":false},"excerpt":{"rendered":"<p>Der zerlegbare Tropfenabscheider V-Zyklon h\u00e4lt Aerosole und fl\u00fcssige Partikel zur\u00fcck und kann damit die Standzeit der nachgelagerten Panel- oder Taschenfilter erheblich verl\u00e4ngern. Er sch\u00fctzt diese au\u00dferdem vor Besch\u00e4digung durch aufprallende feste Partikel. Rahmen und Abscheidelamellen aus rostfreiem Stahl. Der V-Zyklon kann in Tauchb\u00e4dern mit allen g\u00e4ngigen Reinigungsmitteln bearbeitet werden. Zum Entfernen von hartn\u00e4ckigen Verschmutzungen kann &hellip; <\/p>\n<p class=\"link-more\"><a href=\"https:\/\/smartreflow.de\/index.php\/v-zyklon\/\" class=\"more-link\"><span class=\"screen-reader-text\">\u201eV-Zyklon\u201c <\/span>weiterlesen<\/a><\/p>\n","protected":false},"author":1,"featured_media":0,"parent":0,"menu_order":0,"comment_status":"closed","ping_status":"closed","template":"","meta":{"ngg_post_thumbnail":0,"footnotes":""},"class_list":["post-81","page","type-page","status-publish","hentry"],"_links":{"self":[{"href":"https:\/\/smartreflow.de\/index.php\/wp-json\/wp\/v2\/pages\/81","targetHints":{"allow":["GET"]}}],"collection":[{"href":"https:\/\/smartreflow.de\/index.php\/wp-json\/wp\/v2\/pages"}],"about":[{"href":"https:\/\/smartreflow.de\/index.php\/wp-json\/wp\/v2\/types\/page"}],"author":[{"embeddable":true,"href":"https:\/\/smartreflow.de\/index.php\/wp-json\/wp\/v2\/users\/1"}],"replies":[{"embeddable":true,"href":"https:\/\/smartreflow.de\/index.php\/wp-json\/wp\/v2\/comments?post=81"}],"version-history":[{"count":15,"href":"https:\/\/smartreflow.de\/index.php\/wp-json\/wp\/v2\/pages\/81\/revisions"}],"predecessor-version":[{"id":351,"href":"https:\/\/smartreflow.de\/index.php\/wp-json\/wp\/v2\/pages\/81\/revisions\/351"}],"wp:attachment":[{"href":"https:\/\/smartreflow.de\/index.php\/wp-json\/wp\/v2\/media?parent=81"}],"curies":[{"name":"wp","href":"https:\/\/api.w.org\/{rel}","templated":true}]}}