{"id":79,"date":"2022-02-24T13:35:05","date_gmt":"2022-02-24T12:35:05","guid":{"rendered":"https:\/\/smartreflow.de\/?page_id=79"},"modified":"2022-03-14T19:30:49","modified_gmt":"2022-03-14T18:30:49","slug":"filterbox","status":"publish","type":"page","link":"https:\/\/smartreflow.de\/index.php\/filterbox\/","title":{"rendered":"Filterbox universell"},"content":{"rendered":"<p><span style=\"color: #db9124; font-size: 14pt;\">Von der Idee zur Realisierung<\/span><br \/>\nDie universelle Filterbox erlaubt den Einbau verschiedener Panel- oder Taschenfilter oder auch Aktivkohlepatronen f\u00fcr die Filterung von Zu- und Abluftstr\u00f6men. Der Anschluss erfolgt \u00fcber g\u00e4ngige Rohrsysteme wie &#8222;Jacob&#8220; oder &#8222;Lindab&#8220;.<\/p>\n<p><span style=\"color: #db9124; font-size: 14pt;\">Die Aufgabenstellung:<\/span><\/p>\n<p><img loading=\"lazy\" decoding=\"async\" src=\"https:\/\/smartreflow.de\/wp-content\/uploads\/2022\/02\/10_42G04150_1k.jpg\" alt=\"1\" width=\"800\" height=\"564\"  \/><br \/>\n<img loading=\"lazy\" decoding=\"async\" src=\"https:\/\/smartreflow.de\/wp-content\/uploads\/2022\/02\/42G04150_2k.jpg\" alt=\"2\" width=\"487\" height=\"800\" class=\"alignleft size-full wp-image-181\" srcset=\"https:\/\/smartreflow.de\/wp-content\/uploads\/2022\/02\/42G04150_2k.jpg 487w, https:\/\/smartreflow.de\/wp-content\/uploads\/2022\/02\/42G04150_2k-183x300.jpg 183w\" sizes=\"auto, (max-width: 487px) 100vw, 487px\" \/><br \/>\n<img loading=\"lazy\" decoding=\"async\" src=\"https:\/\/smartreflow.de\/wp-content\/uploads\/2022\/02\/42G04150k.jpg\" alt=\"3\" width=\"663\" height=\"800\" class=\"alignleft size-full wp-image-183\" srcset=\"https:\/\/smartreflow.de\/wp-content\/uploads\/2022\/02\/42G04150k.jpg 663w, https:\/\/smartreflow.de\/wp-content\/uploads\/2022\/02\/42G04150k-249x300.jpg 249w\" sizes=\"auto, (max-width: 663px) 100vw, 663px\" \/><\/p>\n","protected":false},"excerpt":{"rendered":"<p>Von der Idee zur Realisierung Die universelle Filterbox erlaubt den Einbau verschiedener Panel- oder Taschenfilter oder auch Aktivkohlepatronen f\u00fcr die Filterung von Zu- und Abluftstr\u00f6men. Der Anschluss erfolgt \u00fcber g\u00e4ngige Rohrsysteme wie &#8222;Jacob&#8220; oder &#8222;Lindab&#8220;. Die Aufgabenstellung:<\/p>\n","protected":false},"author":1,"featured_media":0,"parent":0,"menu_order":0,"comment_status":"closed","ping_status":"closed","template":"","meta":{"ngg_post_thumbnail":0,"footnotes":""},"class_list":["post-79","page","type-page","status-publish","hentry"],"_links":{"self":[{"href":"https:\/\/smartreflow.de\/index.php\/wp-json\/wp\/v2\/pages\/79","targetHints":{"allow":["GET"]}}],"collection":[{"href":"https:\/\/smartreflow.de\/index.php\/wp-json\/wp\/v2\/pages"}],"about":[{"href":"https:\/\/smartreflow.de\/index.php\/wp-json\/wp\/v2\/types\/page"}],"author":[{"embeddable":true,"href":"https:\/\/smartreflow.de\/index.php\/wp-json\/wp\/v2\/users\/1"}],"replies":[{"embeddable":true,"href":"https:\/\/smartreflow.de\/index.php\/wp-json\/wp\/v2\/comments?post=79"}],"version-history":[{"count":8,"href":"https:\/\/smartreflow.de\/index.php\/wp-json\/wp\/v2\/pages\/79\/revisions"}],"predecessor-version":[{"id":349,"href":"https:\/\/smartreflow.de\/index.php\/wp-json\/wp\/v2\/pages\/79\/revisions\/349"}],"wp:attachment":[{"href":"https:\/\/smartreflow.de\/index.php\/wp-json\/wp\/v2\/media?parent=79"}],"curies":[{"name":"wp","href":"https:\/\/api.w.org\/{rel}","templated":true}]}}