{"id":77,"date":"2022-02-24T13:34:44","date_gmt":"2022-02-24T12:34:44","guid":{"rendered":"https:\/\/smartreflow.de\/?page_id=77"},"modified":"2022-02-25T13:07:04","modified_gmt":"2022-02-25T12:07:04","slug":"aktivkohlebox-novograf","status":"publish","type":"page","link":"https:\/\/smartreflow.de\/index.php\/aktivkohlebox-novograf\/","title":{"rendered":"Aktivkohle-Filterbox"},"content":{"rendered":"<p><span style=\"color: #db9124; font-size: 14pt;\">Von der Idee zur Realisierung<\/span><br \/>\nAktivkohle Zusatzfilter<\/p>\n<p><img loading=\"lazy\" decoding=\"async\" src=\"https:\/\/smartreflow.de\/wp-content\/uploads\/2022\/02\/Gravierlaser.jpg\" alt=\"\" width=\"591\" height=\"499\" class=\"alignleft size-full wp-image-177\" srcset=\"https:\/\/smartreflow.de\/wp-content\/uploads\/2022\/02\/Gravierlaser.jpg 591w, https:\/\/smartreflow.de\/wp-content\/uploads\/2022\/02\/Gravierlaser-300x253.jpg 300w\" sizes=\"auto, (max-width: 591px) 100vw, 591px\" \/><span style=\"color: #db9124; font-size: 14pt;\">Die Aufgabenstellung:<\/span><br \/>\nLasergravursysteme verursachen abh\u00e4ngig vom bearbeiteteten Material stark riechende und teils auch gesundheitssch\u00e4dliche St\u00e4ube und D\u00e4mpfe.<br \/>\nBei kleinen Systemen werden diese abgesaugt, durch ein HepaAktivkohleKombifilter geleitet und in den Raum zur\u00fcckgef\u00fchrt.<br \/>\nAbh\u00e4ngig vom bearbeiteten Material k\u00f6nnen Hepa- und Aktivkohleanteil im Filter stark unterschiedliche Standzeit aufweisen.<br \/>\nDann ist der Anwender gezwungen, ein eigentlich noch gutes Hepafilter wegen der ges\u00e4ttigten Aktivkohle zu ersetzen.<\/p>\n<p><br clear=\"both\"><\/p>\n<p><img loading=\"lazy\" decoding=\"async\" src=\"https:\/\/smartreflow.de\/wp-content\/uploads\/2022\/02\/Plan_Novograf.jpg\" alt=\"\" width=\"800\" height=\"572\" class=\"alignleft size-full wp-image-178\" srcset=\"https:\/\/smartreflow.de\/wp-content\/uploads\/2022\/02\/Plan_Novograf.jpg 800w, https:\/\/smartreflow.de\/wp-content\/uploads\/2022\/02\/Plan_Novograf-300x215.jpg 300w, https:\/\/smartreflow.de\/wp-content\/uploads\/2022\/02\/Plan_Novograf-768x549.jpg 768w\" sizes=\"auto, (max-width: 706px) 89vw, (max-width: 767px) 82vw, 740px\" \/><span style=\"color: #db9124; font-size: 14pt;\">Die ausgef\u00fchrte L\u00f6sung:<\/span><br \/>\nEine nachgeschaltete Filterbox mit einer losen Aktivkohlesch\u00fcttung vervielfacht die Standzeit und reduziert die Verbrauchskosten damit auf einen Bruchteil.<\/p>\n<p><br clear=\"both\"><\/p>\n<p><img loading=\"lazy\" decoding=\"async\" src=\"https:\/\/smartreflow.de\/wp-content\/uploads\/2022\/02\/42G08890_Novograf-1.jpg\" alt=\"\" width=\"800\" height=\"518\" class=\"alignleft size-full wp-image-135\" srcset=\"https:\/\/smartreflow.de\/wp-content\/uploads\/2022\/02\/42G08890_Novograf-1.jpg 800w, https:\/\/smartreflow.de\/wp-content\/uploads\/2022\/02\/42G08890_Novograf-1-300x194.jpg 300w, https:\/\/smartreflow.de\/wp-content\/uploads\/2022\/02\/42G08890_Novograf-1-768x497.jpg 768w\" sizes=\"auto, (max-width: 706px) 89vw, (max-width: 767px) 82vw, 740px\" \/><\/p>\n","protected":false},"excerpt":{"rendered":"<p>Von der Idee zur Realisierung Aktivkohle Zusatzfilter Die Aufgabenstellung: Lasergravursysteme verursachen abh\u00e4ngig vom bearbeiteteten Material stark riechende und teils auch gesundheitssch\u00e4dliche St\u00e4ube und D\u00e4mpfe. Bei kleinen Systemen werden diese abgesaugt, durch ein HepaAktivkohleKombifilter geleitet und in den Raum zur\u00fcckgef\u00fchrt. Abh\u00e4ngig vom bearbeiteten Material k\u00f6nnen Hepa- und Aktivkohleanteil im Filter stark unterschiedliche Standzeit aufweisen. Dann ist &hellip; <\/p>\n<p class=\"link-more\"><a href=\"https:\/\/smartreflow.de\/index.php\/aktivkohlebox-novograf\/\" class=\"more-link\"><span class=\"screen-reader-text\">\u201eAktivkohle-Filterbox\u201c <\/span>weiterlesen<\/a><\/p>\n","protected":false},"author":1,"featured_media":0,"parent":0,"menu_order":0,"comment_status":"closed","ping_status":"closed","template":"","meta":{"ngg_post_thumbnail":0,"footnotes":""},"class_list":["post-77","page","type-page","status-publish","hentry"],"_links":{"self":[{"href":"https:\/\/smartreflow.de\/index.php\/wp-json\/wp\/v2\/pages\/77","targetHints":{"allow":["GET"]}}],"collection":[{"href":"https:\/\/smartreflow.de\/index.php\/wp-json\/wp\/v2\/pages"}],"about":[{"href":"https:\/\/smartreflow.de\/index.php\/wp-json\/wp\/v2\/types\/page"}],"author":[{"embeddable":true,"href":"https:\/\/smartreflow.de\/index.php\/wp-json\/wp\/v2\/users\/1"}],"replies":[{"embeddable":true,"href":"https:\/\/smartreflow.de\/index.php\/wp-json\/wp\/v2\/comments?post=77"}],"version-history":[{"count":5,"href":"https:\/\/smartreflow.de\/index.php\/wp-json\/wp\/v2\/pages\/77\/revisions"}],"predecessor-version":[{"id":223,"href":"https:\/\/smartreflow.de\/index.php\/wp-json\/wp\/v2\/pages\/77\/revisions\/223"}],"wp:attachment":[{"href":"https:\/\/smartreflow.de\/index.php\/wp-json\/wp\/v2\/media?parent=77"}],"curies":[{"name":"wp","href":"https:\/\/api.w.org\/{rel}","templated":true}]}}