{"id":75,"date":"2022-02-24T13:33:54","date_gmt":"2022-02-24T12:33:54","guid":{"rendered":"https:\/\/smartreflow.de\/?page_id=75"},"modified":"2022-03-01T19:26:19","modified_gmt":"2022-03-01T18:26:19","slug":"vakuumzyklon","status":"publish","type":"page","link":"https:\/\/smartreflow.de\/index.php\/vakuumzyklon\/","title":{"rendered":"Vakuumzyklon"},"content":{"rendered":"<p><img loading=\"lazy\" decoding=\"async\" src=\"https:\/\/smartreflow.de\/wp-content\/uploads\/2022\/02\/Vakuumzyklon_plan.jpg\" alt=\"\" width=\"800\" height=\"562\" class=\"alignleft size-full wp-image-275\" srcset=\"https:\/\/smartreflow.de\/wp-content\/uploads\/2022\/02\/Vakuumzyklon_plan.jpg 800w, https:\/\/smartreflow.de\/wp-content\/uploads\/2022\/02\/Vakuumzyklon_plan-300x211.jpg 300w, https:\/\/smartreflow.de\/wp-content\/uploads\/2022\/02\/Vakuumzyklon_plan-768x540.jpg 768w\" sizes=\"auto, (max-width: 706px) 89vw, (max-width: 767px) 82vw, 740px\" \/>Scheinbar eigentlich ein Widerspruch: Im Vakuum gibt&#8217;s keine luftgetragenen Partikel, also kann man auch keine daraus entfernen.<\/p>\n<p>Jedoch muss eine Vakuumpumpe dieses Vakuum erst mal erzeugen.<\/p>\n<p>Der Vakuumzyklon von Smart Reflow h\u00e4lt auch gro\u00dfe Partikelmengen zur\u00fcck und sammelt sie in einem Sammelbeh\u00e4lter, wo sie entnommen werden k\u00f6nnen.<\/p>\n<p>Wie andere Zyklone ist auch der Vakuumzyklon dann besonders geeignet, wenn nicht Schmutz, sondern ein verkaufsf\u00e4higes Produkt aus einem Gasstrom abgetrennt werden soll.<\/p>\n<p><br clear=\"both\"><\/p>\n<p><img loading=\"lazy\" decoding=\"async\" src=\"https:\/\/smartreflow.de\/wp-content\/uploads\/2022\/02\/Vakuumzyklon_expl.jpg\" alt=\"\" width=\"800\" height=\"518\" class=\"alignnone size-full wp-image-276\" srcset=\"https:\/\/smartreflow.de\/wp-content\/uploads\/2022\/02\/Vakuumzyklon_expl.jpg 800w, https:\/\/smartreflow.de\/wp-content\/uploads\/2022\/02\/Vakuumzyklon_expl-300x194.jpg 300w, https:\/\/smartreflow.de\/wp-content\/uploads\/2022\/02\/Vakuumzyklon_expl-768x497.jpg 768w\" sizes=\"auto, (max-width: 706px) 89vw, (max-width: 767px) 82vw, 740px\" \/><\/p>\n<p><img loading=\"lazy\" decoding=\"async\" src=\"https:\/\/smartreflow.de\/wp-content\/uploads\/2022\/02\/Vakuumzyklon.jpg\" alt=\"\" width=\"800\" height=\"518\" class=\"alignnone size-full wp-image-277\" srcset=\"https:\/\/smartreflow.de\/wp-content\/uploads\/2022\/02\/Vakuumzyklon.jpg 800w, https:\/\/smartreflow.de\/wp-content\/uploads\/2022\/02\/Vakuumzyklon-300x194.jpg 300w, https:\/\/smartreflow.de\/wp-content\/uploads\/2022\/02\/Vakuumzyklon-768x497.jpg 768w\" sizes=\"auto, (max-width: 706px) 89vw, (max-width: 767px) 82vw, 740px\" \/><\/p>\n","protected":false},"excerpt":{"rendered":"<p>Scheinbar eigentlich ein Widerspruch: Im Vakuum gibt&#8217;s keine luftgetragenen Partikel, also kann man auch keine daraus entfernen. Jedoch muss eine Vakuumpumpe dieses Vakuum erst mal erzeugen. Der Vakuumzyklon von Smart Reflow h\u00e4lt auch gro\u00dfe Partikelmengen zur\u00fcck und sammelt sie in einem Sammelbeh\u00e4lter, wo sie entnommen werden k\u00f6nnen. Wie andere Zyklone ist auch der Vakuumzyklon dann &hellip; <\/p>\n<p class=\"link-more\"><a href=\"https:\/\/smartreflow.de\/index.php\/vakuumzyklon\/\" class=\"more-link\"><span class=\"screen-reader-text\">\u201eVakuumzyklon\u201c <\/span>weiterlesen<\/a><\/p>\n","protected":false},"author":1,"featured_media":0,"parent":0,"menu_order":0,"comment_status":"closed","ping_status":"closed","template":"","meta":{"ngg_post_thumbnail":0,"footnotes":""},"class_list":["post-75","page","type-page","status-publish","hentry"],"_links":{"self":[{"href":"https:\/\/smartreflow.de\/index.php\/wp-json\/wp\/v2\/pages\/75","targetHints":{"allow":["GET"]}}],"collection":[{"href":"https:\/\/smartreflow.de\/index.php\/wp-json\/wp\/v2\/pages"}],"about":[{"href":"https:\/\/smartreflow.de\/index.php\/wp-json\/wp\/v2\/types\/page"}],"author":[{"embeddable":true,"href":"https:\/\/smartreflow.de\/index.php\/wp-json\/wp\/v2\/users\/1"}],"replies":[{"embeddable":true,"href":"https:\/\/smartreflow.de\/index.php\/wp-json\/wp\/v2\/comments?post=75"}],"version-history":[{"count":4,"href":"https:\/\/smartreflow.de\/index.php\/wp-json\/wp\/v2\/pages\/75\/revisions"}],"predecessor-version":[{"id":331,"href":"https:\/\/smartreflow.de\/index.php\/wp-json\/wp\/v2\/pages\/75\/revisions\/331"}],"wp:attachment":[{"href":"https:\/\/smartreflow.de\/index.php\/wp-json\/wp\/v2\/media?parent=75"}],"curies":[{"name":"wp","href":"https:\/\/api.w.org\/{rel}","templated":true}]}}