{"id":73,"date":"2022-02-24T13:33:39","date_gmt":"2022-02-24T12:33:39","guid":{"rendered":"https:\/\/smartreflow.de\/?page_id=73"},"modified":"2022-03-14T19:28:40","modified_gmt":"2022-03-14T18:28:40","slug":"multizyklon","status":"publish","type":"page","link":"https:\/\/smartreflow.de\/index.php\/multizyklon\/","title":{"rendered":"Multizyklon"},"content":{"rendered":"<p><img loading=\"lazy\" decoding=\"async\" class=\"alignleft size-full wp-image-261\" src=\"https:\/\/smartreflow.de\/wp-content\/uploads\/2022\/02\/Multizyklon_expl_1.jpg\" alt=\"\" width=\"626\" height=\"800\" srcset=\"https:\/\/smartreflow.de\/wp-content\/uploads\/2022\/02\/Multizyklon_expl_1.jpg 800w, https:\/\/smartreflow.de\/wp-content\/uploads\/2022\/02\/Multizyklon_expl_1-235x300.jpg 235w, https:\/\/smartreflow.de\/wp-content\/uploads\/2022\/02\/Multizyklon_expl_1-768x981.jpg 768w\" sizes=\"auto, (max-width: 626px) 100vw, 626px\" \/>Die Abscheideleistung von Zyklonabscheidern wird mit gr\u00f6\u00dfer werdenden Abmessungen immer schlechter.<\/p>\n<p>Der Multizyklon splittet den Gesamt-Luftstrom auf eine Vielzahl kleiner Einzelzyklone auf und verbindet so die hohe Filterleistung eines kleinen Zyklons mit dem Durchsatz eines gro\u00dfen Zyklons.<\/p>\n<p>Obwohl f\u00fcr einen wartungsfreien Betrieb ausgelegt, sind die Multizyklone von Smart Reflow f\u00fcr Reinigungs- und Wartungszwecke mit wenigen Handgriffen zerlegbar.<\/p>\n<p>siehe auch:<br \/>\n(<a href=\"https:\/\/de.wikipedia.org\/wiki\/Fliehkraftabscheider\" target=\"_blank\" rel=\"noopener\">https:\/\/de.wikipedia.org\/wiki\/Fliehkraftabscheider<\/a>)<\/p>\n","protected":false},"excerpt":{"rendered":"<p>Die Abscheideleistung von Zyklonabscheidern wird mit gr\u00f6\u00dfer werdenden Abmessungen immer schlechter. Der Multizyklon splittet den Gesamt-Luftstrom auf eine Vielzahl kleiner Einzelzyklone auf und verbindet so die hohe Filterleistung eines kleinen Zyklons mit dem Durchsatz eines gro\u00dfen Zyklons. Obwohl f\u00fcr einen wartungsfreien Betrieb ausgelegt, sind die Multizyklone von Smart Reflow f\u00fcr Reinigungs- und Wartungszwecke mit wenigen &hellip; <\/p>\n<p class=\"link-more\"><a href=\"https:\/\/smartreflow.de\/index.php\/multizyklon\/\" class=\"more-link\"><span class=\"screen-reader-text\">\u201eMultizyklon\u201c <\/span>weiterlesen<\/a><\/p>\n","protected":false},"author":1,"featured_media":0,"parent":0,"menu_order":0,"comment_status":"closed","ping_status":"closed","template":"","meta":{"ngg_post_thumbnail":0,"footnotes":""},"class_list":["post-73","page","type-page","status-publish","hentry"],"_links":{"self":[{"href":"https:\/\/smartreflow.de\/index.php\/wp-json\/wp\/v2\/pages\/73","targetHints":{"allow":["GET"]}}],"collection":[{"href":"https:\/\/smartreflow.de\/index.php\/wp-json\/wp\/v2\/pages"}],"about":[{"href":"https:\/\/smartreflow.de\/index.php\/wp-json\/wp\/v2\/types\/page"}],"author":[{"embeddable":true,"href":"https:\/\/smartreflow.de\/index.php\/wp-json\/wp\/v2\/users\/1"}],"replies":[{"embeddable":true,"href":"https:\/\/smartreflow.de\/index.php\/wp-json\/wp\/v2\/comments?post=73"}],"version-history":[{"count":9,"href":"https:\/\/smartreflow.de\/index.php\/wp-json\/wp\/v2\/pages\/73\/revisions"}],"predecessor-version":[{"id":348,"href":"https:\/\/smartreflow.de\/index.php\/wp-json\/wp\/v2\/pages\/73\/revisions\/348"}],"wp:attachment":[{"href":"https:\/\/smartreflow.de\/index.php\/wp-json\/wp\/v2\/media?parent=73"}],"curies":[{"name":"wp","href":"https:\/\/api.w.org\/{rel}","templated":true}]}}