{"id":68,"date":"2022-02-24T13:32:26","date_gmt":"2022-02-24T12:32:26","guid":{"rendered":"https:\/\/smartreflow.de\/?page_id=68"},"modified":"2022-03-14T19:24:20","modified_gmt":"2022-03-14T18:24:20","slug":"retrofits","status":"publish","type":"page","link":"https:\/\/smartreflow.de\/index.php\/retrofits\/","title":{"rendered":"Retrofits"},"content":{"rendered":"<p>Die Maschine steht und das dringend ben\u00f6tigte Ersatzteil ist nicht mehr verf\u00fcgbar.<\/p>\n<p>Smart Reflow kann helfen:<\/p>\n<ul>\n<li>mit einem nachgefertigten Ersatzteil nach Muster.<\/li>\n<li>mit einem f\u00fcr Funktion und Einbausituation massgeschneiderten Austauschteil<\/li>\n<\/ul>\n<p>Sie wollen an Ihrer Maschine\/Anlage Funktionen nachr\u00fcsten, die es bisher nicht gab?<\/p>\n<p>Smart Reflow ist Ihr Partner:<\/p>\n<ul>\n<li>mit der \u00dcbernahme von Alt-Zeichnungsbest\u00e4nden in zeitgem\u00e4\u00dfe 3D-Daten<\/li>\n<li>mit Modell- und Massaufnahmen bestehender Anschlussgeometrie<\/li>\n<li>mit der Konstruktion und Herstellung von ma\u00dfgeschneidertem Zubeh\u00f6r<\/li>\n<\/ul>\n<p>Eine Teil\/eine Baugruppe f\u00e4llt immer wieder vorzeitig aus. Nichts in der Technik ist alternativlos. Smart Reflow findet mit Ihnen und f\u00fcr Sie die dauerhaftere L\u00f6sung.<\/p>\n<hr\/>\n<h2>Rollenaufnahme Best\u00fcckautomat<\/h2>\n<p><img loading=\"lazy\" decoding=\"async\" src=\"https:\/\/smartreflow.de\/wp-content\/uploads\/2022\/02\/99G08414.jpg\" alt=\"1\" width=\"800\" height=\"575\" class=\"alignnone size-full wp-image-232\" srcset=\"https:\/\/smartreflow.de\/wp-content\/uploads\/2022\/02\/99G08414.jpg 800w, https:\/\/smartreflow.de\/wp-content\/uploads\/2022\/02\/99G08414-300x216.jpg 300w, https:\/\/smartreflow.de\/wp-content\/uploads\/2022\/02\/99G08414-768x552.jpg 768w\" sizes=\"auto, (max-width: 706px) 89vw, (max-width: 767px) 82vw, 740px\" \/><\/p>\n<p><img loading=\"lazy\" decoding=\"async\" src=\"https:\/\/smartreflow.de\/wp-content\/uploads\/2022\/02\/Trennblech-1.jpg\" alt=\"\" width=\"800\" height=\"518\" class=\"alignnone size-full wp-image-259\" srcset=\"https:\/\/smartreflow.de\/wp-content\/uploads\/2022\/02\/Trennblech-1.jpg 800w, https:\/\/smartreflow.de\/wp-content\/uploads\/2022\/02\/Trennblech-1-300x194.jpg 300w, https:\/\/smartreflow.de\/wp-content\/uploads\/2022\/02\/Trennblech-1-768x497.jpg 768w\" sizes=\"auto, (max-width: 706px) 89vw, (max-width: 767px) 82vw, 740px\" \/><\/p>\n<hr\/>\n<h2>Heissluftmodul Reflow-Ofen<\/h2>\n<p><img loading=\"lazy\" decoding=\"async\" src=\"https:\/\/smartreflow.de\/wp-content\/uploads\/2022\/02\/45G01946_Zg.jpg\" alt=\"3\" width=\"799\" height=\"563\" class=\"alignnone size-full wp-image-234\" srcset=\"https:\/\/smartreflow.de\/wp-content\/uploads\/2022\/02\/45G01946_Zg.jpg 799w, https:\/\/smartreflow.de\/wp-content\/uploads\/2022\/02\/45G01946_Zg-300x211.jpg 300w, https:\/\/smartreflow.de\/wp-content\/uploads\/2022\/02\/45G01946_Zg-768x541.jpg 768w\" sizes=\"auto, (max-width: 706px) 89vw, (max-width: 767px) 82vw, 740px\" \/><\/p>\n<p><img loading=\"lazy\" decoding=\"async\" src=\"https:\/\/smartreflow.de\/wp-content\/uploads\/2022\/02\/Rehm.jpg\" alt=\"4\" width=\"800\" height=\"518\" class=\"alignnone size-full wp-image-235\" srcset=\"https:\/\/smartreflow.de\/wp-content\/uploads\/2022\/02\/Rehm.jpg 800w, https:\/\/smartreflow.de\/wp-content\/uploads\/2022\/02\/Rehm-300x194.jpg 300w, https:\/\/smartreflow.de\/wp-content\/uploads\/2022\/02\/Rehm-768x497.jpg 768w\" sizes=\"auto, (max-width: 706px) 89vw, (max-width: 767px) 82vw, 740px\" \/><\/p>\n<hr\/>\n<h2>Tiefk\u00fchl-Einschub<\/h2>\n<p><img loading=\"lazy\" decoding=\"async\" src=\"https:\/\/smartreflow.de\/wp-content\/uploads\/2022\/02\/zeichnung.jpg\" alt=\"\" width=\"800\" height=\"557\" class=\"alignnone size-full wp-image-257\" srcset=\"https:\/\/smartreflow.de\/wp-content\/uploads\/2022\/02\/zeichnung.jpg 800w, https:\/\/smartreflow.de\/wp-content\/uploads\/2022\/02\/zeichnung-300x209.jpg 300w, https:\/\/smartreflow.de\/wp-content\/uploads\/2022\/02\/zeichnung-768x535.jpg 768w\" sizes=\"auto, (max-width: 706px) 89vw, (max-width: 767px) 82vw, 740px\" \/><\/p>\n<p><img loading=\"lazy\" decoding=\"async\" src=\"https:\/\/smartreflow.de\/wp-content\/uploads\/2022\/02\/TK-Schrank.jpg\" alt=\"5\" width=\"800\" height=\"533\" class=\"alignnone size-full wp-image-238\" srcset=\"https:\/\/smartreflow.de\/wp-content\/uploads\/2022\/02\/TK-Schrank.jpg 800w, https:\/\/smartreflow.de\/wp-content\/uploads\/2022\/02\/TK-Schrank-300x200.jpg 300w, https:\/\/smartreflow.de\/wp-content\/uploads\/2022\/02\/TK-Schrank-768x512.jpg 768w\" sizes=\"auto, (max-width: 706px) 89vw, (max-width: 767px) 82vw, 740px\" \/><\/p>\n","protected":false},"excerpt":{"rendered":"<p>Die Maschine steht und das dringend ben\u00f6tigte Ersatzteil ist nicht mehr verf\u00fcgbar. Smart Reflow kann helfen: mit einem nachgefertigten Ersatzteil nach Muster. mit einem f\u00fcr Funktion und Einbausituation massgeschneiderten Austauschteil Sie wollen an Ihrer Maschine\/Anlage Funktionen nachr\u00fcsten, die es bisher nicht gab? Smart Reflow ist Ihr Partner: mit der \u00dcbernahme von Alt-Zeichnungsbest\u00e4nden in zeitgem\u00e4\u00dfe 3D-Daten &hellip; <\/p>\n<p class=\"link-more\"><a href=\"https:\/\/smartreflow.de\/index.php\/retrofits\/\" class=\"more-link\"><span class=\"screen-reader-text\">\u201eRetrofits\u201c <\/span>weiterlesen<\/a><\/p>\n","protected":false},"author":1,"featured_media":0,"parent":0,"menu_order":0,"comment_status":"closed","ping_status":"closed","template":"","meta":{"ngg_post_thumbnail":0,"footnotes":""},"class_list":["post-68","page","type-page","status-publish","hentry"],"_links":{"self":[{"href":"https:\/\/smartreflow.de\/index.php\/wp-json\/wp\/v2\/pages\/68","targetHints":{"allow":["GET"]}}],"collection":[{"href":"https:\/\/smartreflow.de\/index.php\/wp-json\/wp\/v2\/pages"}],"about":[{"href":"https:\/\/smartreflow.de\/index.php\/wp-json\/wp\/v2\/types\/page"}],"author":[{"embeddable":true,"href":"https:\/\/smartreflow.de\/index.php\/wp-json\/wp\/v2\/users\/1"}],"replies":[{"embeddable":true,"href":"https:\/\/smartreflow.de\/index.php\/wp-json\/wp\/v2\/comments?post=68"}],"version-history":[{"count":16,"href":"https:\/\/smartreflow.de\/index.php\/wp-json\/wp\/v2\/pages\/68\/revisions"}],"predecessor-version":[{"id":345,"href":"https:\/\/smartreflow.de\/index.php\/wp-json\/wp\/v2\/pages\/68\/revisions\/345"}],"wp:attachment":[{"href":"https:\/\/smartreflow.de\/index.php\/wp-json\/wp\/v2\/media?parent=68"}],"curies":[{"name":"wp","href":"https:\/\/api.w.org\/{rel}","templated":true}]}}