{"id":66,"date":"2022-02-24T13:32:18","date_gmt":"2022-02-24T12:32:18","guid":{"rendered":"https:\/\/smartreflow.de\/?page_id=66"},"modified":"2022-03-15T19:04:53","modified_gmt":"2022-03-15T18:04:53","slug":"freezer","status":"publish","type":"page","link":"https:\/\/smartreflow.de\/index.php\/freezer\/","title":{"rendered":"Biologischer Freezer"},"content":{"rendered":"<p>Ger\u00e4t zum kontrollierten Einfrieren von biologischen Proben f\u00fcr die Cryo-Lagerung (2 Ger\u00e4teversionen)<\/p>\n<p><img loading=\"lazy\" decoding=\"async\" class=\"alignleft size-full wp-image-241\" src=\"https:\/\/smartreflow.de\/wp-content\/uploads\/2022\/02\/Cool2010_1.jpg\" alt=\"\" width=\"800\" height=\"518\" srcset=\"https:\/\/smartreflow.de\/wp-content\/uploads\/2022\/02\/Cool2010_1.jpg 800w, https:\/\/smartreflow.de\/wp-content\/uploads\/2022\/02\/Cool2010_1-300x194.jpg 300w, https:\/\/smartreflow.de\/wp-content\/uploads\/2022\/02\/Cool2010_1-768x497.jpg 768w\" sizes=\"auto, (max-width: 706px) 89vw, (max-width: 767px) 82vw, 740px\" \/>Smart Reflow entwickelt und liefert die Hardware auch f\u00fcr exotische und anspruchsvolle Anwendungen:<\/p>\n<p>Um Zellkulturen und andere Bioproben f\u00fcr l\u00e4ngere Zeit lagerf\u00e4hig zu machen (Cryokonservierung, https:\/\/de.wikipedia.org\/wiki\/Kryonik), m\u00fcssen diese unter definierten Bedingungen eingefroren und auf die Siedetemperatur von fl\u00fcssigem Stickstoff (\u2212196 \u00b0C) <a href=\"https:\/\/de.wikipedia.org\/wiki\/Fl%C3%BCssigstickstoff\" target=\"_blank\" rel=\"noopener\">https:\/\/de.wikipedia.org\/wiki\/Fl\u00fcssigstickstoff<\/a> gebracht werden.<\/p>\n<p>Handling der Proben, Hygiene, die Vorgaben zum Temperaturprofil sowie die Eigenschaften des K\u00fchlmediums Stickstoff bergen einige Herausforderungen bez\u00fcglich Werkstoffen und Design.<\/p>\n<p>Hier realisiert in 2 verschiedenen Ausf\u00fchrungen.<br \/>\n<br clear=\"both\"><\/p>\n<p><img loading=\"lazy\" decoding=\"async\" class=\"alignnone size-full wp-image-242\" src=\"https:\/\/smartreflow.de\/wp-content\/uploads\/2022\/02\/Smartline1.jpg\" alt=\"\" width=\"800\" height=\"518\" srcset=\"https:\/\/smartreflow.de\/wp-content\/uploads\/2022\/02\/Smartline1.jpg 800w, https:\/\/smartreflow.de\/wp-content\/uploads\/2022\/02\/Smartline1-300x194.jpg 300w, https:\/\/smartreflow.de\/wp-content\/uploads\/2022\/02\/Smartline1-768x497.jpg 768w\" sizes=\"auto, (max-width: 706px) 89vw, (max-width: 767px) 82vw, 740px\" \/><\/p>\n","protected":false},"excerpt":{"rendered":"<p>Ger\u00e4t zum kontrollierten Einfrieren von biologischen Proben f\u00fcr die Cryo-Lagerung (2 Ger\u00e4teversionen) Smart Reflow entwickelt und liefert die Hardware auch f\u00fcr exotische und anspruchsvolle Anwendungen: Um Zellkulturen und andere Bioproben f\u00fcr l\u00e4ngere Zeit lagerf\u00e4hig zu machen (Cryokonservierung, https:\/\/de.wikipedia.org\/wiki\/Kryonik), m\u00fcssen diese unter definierten Bedingungen eingefroren und auf die Siedetemperatur von fl\u00fcssigem Stickstoff (\u2212196 \u00b0C) https:\/\/de.wikipedia.org\/wiki\/Fl\u00fcssigstickstoff gebracht &hellip; <\/p>\n<p class=\"link-more\"><a href=\"https:\/\/smartreflow.de\/index.php\/freezer\/\" class=\"more-link\"><span class=\"screen-reader-text\">\u201eBiologischer Freezer\u201c <\/span>weiterlesen<\/a><\/p>\n","protected":false},"author":1,"featured_media":0,"parent":0,"menu_order":0,"comment_status":"closed","ping_status":"closed","template":"","meta":{"ngg_post_thumbnail":0,"footnotes":""},"class_list":["post-66","page","type-page","status-publish","hentry"],"_links":{"self":[{"href":"https:\/\/smartreflow.de\/index.php\/wp-json\/wp\/v2\/pages\/66","targetHints":{"allow":["GET"]}}],"collection":[{"href":"https:\/\/smartreflow.de\/index.php\/wp-json\/wp\/v2\/pages"}],"about":[{"href":"https:\/\/smartreflow.de\/index.php\/wp-json\/wp\/v2\/types\/page"}],"author":[{"embeddable":true,"href":"https:\/\/smartreflow.de\/index.php\/wp-json\/wp\/v2\/users\/1"}],"replies":[{"embeddable":true,"href":"https:\/\/smartreflow.de\/index.php\/wp-json\/wp\/v2\/comments?post=66"}],"version-history":[{"count":11,"href":"https:\/\/smartreflow.de\/index.php\/wp-json\/wp\/v2\/pages\/66\/revisions"}],"predecessor-version":[{"id":356,"href":"https:\/\/smartreflow.de\/index.php\/wp-json\/wp\/v2\/pages\/66\/revisions\/356"}],"wp:attachment":[{"href":"https:\/\/smartreflow.de\/index.php\/wp-json\/wp\/v2\/media?parent=66"}],"curies":[{"name":"wp","href":"https:\/\/api.w.org\/{rel}","templated":true}]}}