{"id":60,"date":"2022-02-24T13:27:04","date_gmt":"2022-02-24T12:27:04","guid":{"rendered":"https:\/\/smartreflow.de\/?page_id=60"},"modified":"2022-03-14T19:22:44","modified_gmt":"2022-03-14T18:22:44","slug":"autositz","status":"publish","type":"page","link":"https:\/\/smartreflow.de\/index.php\/autositz\/","title":{"rendered":"Autositz"},"content":{"rendered":"<p><span style=\"color: #db9124; font-size: 14pt;\">Von der Idee zur Realisierung<\/span><br \/>\nSG12: Mit Autositzen kann man nicht nur autofahren&#8230;<\/p>\n<p><span style=\"color: #db9124; font-size: 14pt;\"><img loading=\"lazy\" decoding=\"async\" class=\"alignleft size-full wp-image-111\" src=\"https:\/\/smartreflow.de\/wp-content\/uploads\/2022\/02\/sitz.jpg\" alt=\"Aufgabe\" width=\"450\" height=\"600\" srcset=\"https:\/\/smartreflow.de\/wp-content\/uploads\/2022\/02\/sitz.jpg 600w, https:\/\/smartreflow.de\/wp-content\/uploads\/2022\/02\/sitz-225x300.jpg 225w\" sizes=\"auto, (max-width: 450px) 100vw, 450px\" \/>Die Aufgabenstellung<\/span><br \/>\nDie Grossraumlimousinen Peugeot 807, Citroen C8, Fiat Ulysse und Lancia Phedra verf\u00fcgen \u00fcber bis zu 5 herausnehmbare Sitze in der 2. und 3. Sitzreihe.<br \/>\nDiese Sitze zeichnen sich durch einen au\u00dfergew\u00f6hnlich hohen Sitzkomfort aus.<br \/>\nDa man diese Sitze praktisch immer dabei hat, bietet es sich eigentlich an, sie auch mal au\u00dferhalb des Fahrzeugs, z.B. zum Camping oder beim Picknicken zu verwenden.<br \/>\nDie eingebaute Arretiermechanik erm\u00f6glicht leider keine Aufstellung der Sitze au\u00dferhalb des Fahrzeugs.<br \/>\nDas fahrbare Untergestell &#8222;SG12&#8220; schafft diese M\u00f6glichkeit und verwandelt den Autositz in einen vollwertigen Sessel und ist sogar zur Verwendung im B\u00fcroumfeld geeignet.<\/p>\n<p><br clear=\"both\"><\/p>\n<p><span style=\"color: #db9124; font-size: 14pt;\">Von der Idee zur L\u00f6sung:<\/span><br \/>\nEin Untergestell bringt den Sitz auf die erforderliche H\u00f6he und Neigung f\u00fcr eine Sitzposition auch am Tisch (vom Fahrzeug abweichend).<br \/>\nDamit man es bequem mitf\u00fchren kann, ist eine Reihe von Randbedingungen sind einzuhalten:<br \/>\n\u2022 faltbar oder zerlegbar f\u00fcr kleines Transportvolumen<br \/>\n\u2022 geringes Eigengewicht f\u00fcr Transport und bequemes Handling<br \/>\n\u2022 optionale Rollen f\u00fcr die Verwendung im Innenbereich<br \/>\n\u2022 Werkzeuglose Montage\/Demontage<\/p>\n<p><br clear=\"both\"><\/p>\n<p><img loading=\"lazy\" decoding=\"async\" class=\"alignleft size-full wp-image-113\" src=\"https:\/\/smartreflow.de\/wp-content\/uploads\/2022\/02\/Plan.jpg\" alt=\"L\u00f6sung\" width=\"600\" height=\"422\" srcset=\"https:\/\/smartreflow.de\/wp-content\/uploads\/2022\/02\/Plan.jpg 800w, https:\/\/smartreflow.de\/wp-content\/uploads\/2022\/02\/Plan-300x211.jpg 300w, https:\/\/smartreflow.de\/wp-content\/uploads\/2022\/02\/Plan-768x540.jpg 768w\" sizes=\"auto, (max-width: 600px) 100vw, 600px\" \/><span style=\"color: #db9124; font-size: 14pt;\">Die ausgef\u00fchrte L\u00f6sung:<\/span><br \/>\nDas fahrbare Untergestell &#8222;SG12&#8220; aus lasergeschnittenem Stahlblech verwandelt den Autositz in einen vollwertigen Sessel zur Verwendung au\u00dferhalb des Fahrzeugs \u2013 bei nur 5 kg incl Rollen.<br \/>\nBesonders gut macht sich der Sitz am CAD-Arbeitsplatz oder als rasanter Gaming Chair.<\/p>\n<p><br clear=\"both\"><\/p>\n<p><img loading=\"lazy\" decoding=\"async\" class=\"alignleft size-full wp-image-115\" src=\"https:\/\/smartreflow.de\/wp-content\/uploads\/2022\/02\/gerenderte-Vorschau.jpg\" alt=\"Vorschau\" width=\"600\" height=\"388\" srcset=\"https:\/\/smartreflow.de\/wp-content\/uploads\/2022\/02\/gerenderte-Vorschau.jpg 800w, https:\/\/smartreflow.de\/wp-content\/uploads\/2022\/02\/gerenderte-Vorschau-300x194.jpg 300w, https:\/\/smartreflow.de\/wp-content\/uploads\/2022\/02\/gerenderte-Vorschau-768x497.jpg 768w\" sizes=\"auto, (max-width: 600px) 100vw, 600px\" \/><span style=\"color: #db9124; font-size: 14pt;\">Gerenderte Vorschau<\/span><br \/>\nEin gerendertes Bild vermittelt einen photorealistischen<br \/>\nEindruck vom fertigen Produkt.<\/p>\n<p><br clear=\"both\"><\/p>\n<p><img loading=\"lazy\" decoding=\"async\" class=\"alignleft size-full wp-image-117\" src=\"https:\/\/smartreflow.de\/wp-content\/uploads\/2022\/02\/einsatz.jpg\" alt=\"Praxis\" width=\"200\" height=\"300\" srcset=\"https:\/\/smartreflow.de\/wp-content\/uploads\/2022\/02\/einsatz.jpg 533w, https:\/\/smartreflow.de\/wp-content\/uploads\/2022\/02\/einsatz-200x300.jpg 200w\" sizes=\"auto, (max-width: 200px) 100vw, 200px\" \/><span style=\"color: #db9124; font-size: 14pt;\">Einsatz in der Praxis<\/span><br \/>\nSuperbequem und robust \u2013 das ist der Autositz im praktischen Einsatz<\/p>\n","protected":false},"excerpt":{"rendered":"<p>Von der Idee zur Realisierung SG12: Mit Autositzen kann man nicht nur autofahren&#8230; Die Aufgabenstellung Die Grossraumlimousinen Peugeot 807, Citroen C8, Fiat Ulysse und Lancia Phedra verf\u00fcgen \u00fcber bis zu 5 herausnehmbare Sitze in der 2. und 3. Sitzreihe. Diese Sitze zeichnen sich durch einen au\u00dfergew\u00f6hnlich hohen Sitzkomfort aus. Da man diese Sitze praktisch immer &hellip; <\/p>\n<p class=\"link-more\"><a href=\"https:\/\/smartreflow.de\/index.php\/autositz\/\" class=\"more-link\"><span class=\"screen-reader-text\">\u201eAutositz\u201c <\/span>weiterlesen<\/a><\/p>\n","protected":false},"author":1,"featured_media":0,"parent":0,"menu_order":0,"comment_status":"closed","ping_status":"closed","template":"","meta":{"ngg_post_thumbnail":0,"footnotes":""},"class_list":["post-60","page","type-page","status-publish","hentry"],"_links":{"self":[{"href":"https:\/\/smartreflow.de\/index.php\/wp-json\/wp\/v2\/pages\/60","targetHints":{"allow":["GET"]}}],"collection":[{"href":"https:\/\/smartreflow.de\/index.php\/wp-json\/wp\/v2\/pages"}],"about":[{"href":"https:\/\/smartreflow.de\/index.php\/wp-json\/wp\/v2\/types\/page"}],"author":[{"embeddable":true,"href":"https:\/\/smartreflow.de\/index.php\/wp-json\/wp\/v2\/users\/1"}],"replies":[{"embeddable":true,"href":"https:\/\/smartreflow.de\/index.php\/wp-json\/wp\/v2\/comments?post=60"}],"version-history":[{"count":11,"href":"https:\/\/smartreflow.de\/index.php\/wp-json\/wp\/v2\/pages\/60\/revisions"}],"predecessor-version":[{"id":343,"href":"https:\/\/smartreflow.de\/index.php\/wp-json\/wp\/v2\/pages\/60\/revisions\/343"}],"wp:attachment":[{"href":"https:\/\/smartreflow.de\/index.php\/wp-json\/wp\/v2\/media?parent=60"}],"curies":[{"name":"wp","href":"https:\/\/api.w.org\/{rel}","templated":true}]}}