{"id":47,"date":"2022-02-22T19:45:54","date_gmt":"2022-02-22T18:45:54","guid":{"rendered":"https:\/\/smartreflow.de\/?page_id=47"},"modified":"2022-02-22T19:45:54","modified_gmt":"2022-02-22T18:45:54","slug":"allgemeine-geschaeftsbedingungen","status":"publish","type":"page","link":"https:\/\/smartreflow.de\/index.php\/allgemeine-geschaeftsbedingungen\/","title":{"rendered":"Allgemeine Gesch\u00e4ftsbedingungen"},"content":{"rendered":"<p align=\"left\"><span style=\"color: #1d2d7c;\"><span style=\"font-family: verdana, arial, sans-serif;\"><span style=\"font-size: small;\"><b>1. Allgemeines<\/b><\/span><\/span><\/span><br \/>\n<span style=\"color: #1d2d7c;\"><span style=\"font-family: verdana, arial, sans-serif;\"><span style=\"font-size: small;\"><b>Nachstehende Allgemeine Gesch\u00e4ftsbedingungen gelten f\u00fcr alle Vertr\u00e4ge, Lieferungen und sonstige Leistungen der Firma Smart Reflow GmbH, Siemensstrasse 1, 63755 Alzenau gegen\u00fcber ihren Kunden. Es gilt stets die zum Zeitpunkt der Bestellung g\u00fcltige Fassung der Allgemeinen Gesch\u00e4ftsbedingungen.<\/b><\/span><\/span><\/span><br \/>\n<span style=\"color: #1d2d7c;\"><span style=\"font-family: verdana, arial, sans-serif;\"><span style=\"font-size: small;\"><b>Abweichenden Vorschriften der Kunden wird hiermit widersprochen. Abweichende Bedingungen erkennt die Firma Smart Reflow GmbH nur an, wenn dies ausdr\u00fccklich und schriftlich vereinbart wurde. Alle Nebenabreden bed\u00fcrfen der schriftlichen Best\u00e4tigung.<\/b><\/span><\/span><\/span><br \/>\n<span style=\"color: #1d2d7c;\"><span style=\"font-family: verdana, arial, sans-serif;\"><span style=\"font-size: small;\"><b>Die Gesch\u00e4ftsbeziehungen zwischen die Firma Smart Reflow GmbH und dem Kunden unterliegen dem Recht der Bundesrepublik Deutschland unter Ausschluss des UN-Kaufrechts. Gerichtsstand ist Alzenau, soweit der Kunde Kaufmann ist oder eine juristische Person des \u00f6ffentlichen Rechts oder \u00f6ffentlich-rechtliches Sonderverm\u00f6gen.<\/b><\/span><\/span><\/span><\/p>\n<p><span style=\"color: #1d2d7c;\"><span style=\"font-family: verdana, arial, sans-serif;\"><span style=\"font-size: small;\"><b>2. Angebot<\/b><\/span><\/span><\/span><br \/>\n<span style=\"color: #1d2d7c;\"><span style=\"font-family: verdana, arial, sans-serif;\"><span style=\"font-size: small;\"><b>Die Angebote der Firma Smart Reflow GmbH sind unverbindlich. Abweichungen und technische \u00c4nderungen gegen\u00fcber den Abbildungen oder Beschreibungen sind m\u00f6glich.<\/b><\/span><\/span><\/span><\/p>\n<p><span style=\"color: #1d2d7c;\"><span style=\"font-family: verdana, arial, sans-serif;\"><span style=\"font-size: small;\"><b>3. Lieferung und Zahlung<\/b><\/span><\/span><\/span><br \/>\n<span style=\"color: #1d2d7c;\"><span style=\"font-family: verdana, arial, sans-serif;\"><span style=\"font-size: small;\"><b>Der Mindestbestellwert betr\u00e4gt 50,00 \u20ac. Alle Preise verstehen sich zuz\u00fcglich der jeweils g\u00fcltigen gesetzlichen Mehrwertsteuer.<\/b><\/span><\/span><\/span><br \/>\n<span style=\"color: #1d2d7c;\"><span style=\"font-family: verdana, arial, sans-serif;\"><span style=\"font-size: small;\"><b>Der Kaufpreis ist, wenn vertraglich nicht abweichend vereinbart, unmittelbar nach Vertragsschluss durch \u00dcberweisung an die Firma Smart Reflow GmbH zu zahlen.<\/b><\/span><\/span><\/span><br \/>\n<span style=\"color: #1d2d7c;\"><span style=\"font-family: verdana, arial, sans-serif;\"><span style=\"font-size: small;\"><b>Der Versand der bestellten Waren durch die Firma Smart Reflow GmbH erfolgt nach Eingang des Kaufpreises. Die bestellten Waren werden, sofern vertraglich nicht abweichend vereinbart, an die vom Besteller angegebene Adresse geliefert. Die Firma Smart Reflow GmbH beh\u00e4lt sich vor, eine Teillieferung vorzunehmen, sofern dies f\u00fcr eine z\u00fcgige Abwicklung vorteilhaft erscheint. Vom Kunden gew\u00fcnschte Sonderversendungsformen werden mit dem orts\u00fcblichen Zuschlag berechnet.<\/b><\/span><\/span><\/span><\/p>\n<p><span style=\"color: #1d2d7c;\"><span style=\"font-family: verdana, arial, sans-serif;\"><span style=\"font-size: small;\"><b>4. Lieferzeiten<\/b><\/span><\/span><\/span><br \/>\n<span style=\"color: #1d2d7c;\"><span style=\"font-family: verdana, arial, sans-serif;\"><span style=\"font-size: small;\"><b>Angaben \u00fcber die Lieferfrist sind unverbindlich, sofern nicht ausnahmsweise der Liefertermin von der Firma Smart Reflow GmbH verbindlich zugesagt wurde.<\/b><\/span><\/span><\/span><br \/>\n<span style=\"color: #1d2d7c;\"><span style=\"font-family: verdana, arial, sans-serif;\"><span style=\"font-size: small;\"><b>Ware, die am Lager ist, versendet die Firma Smart Reflow GmbH innerhalb von 3 Werktagen. Ist die Ware bei Bestellung nicht vorr\u00e4tig, bem\u00fcht sich die Firma Smart Reflow GmbH um schnellstm\u00f6gliche Lieferung. Falls die Nichteinhaltung einer Liefer- oder Leistungsfrist auf h\u00f6here Gewalt, Arbeitskampf, unvorhersehbare Hindernisse oder sonstige nicht zu vertretende Umst\u00e4nde zur\u00fcckzuf\u00fchren ist, wird die Frist angemessen verl\u00e4ngert.<\/b><\/span><\/span><\/span><br \/>\n<span style=\"color: #1d2d7c;\"><span style=\"font-family: verdana, arial, sans-serif;\"><span style=\"font-size: small;\"><b>Die Firma Smart Reflow GmbH beh\u00e4lt sich vor, sich von der Verpflichtung zur Erf\u00fcllung des Vertrages zu l\u00f6sen, wenn die Ware durch einen Lieferanten zum Tag der Auslieferung anzuliefern ist und die Anlieferung ganz oder teilweise unterbleibt. Dieser Selbstbelieferungsvorbehalt gilt nur dann, wenn die Firma Smart Reflow GmbH das Ausbleiben der Anlieferung nicht zu vertreten hat.<\/b><\/span><\/span><\/span><br \/>\n<span style=\"color: #1d2d7c;\"><span style=\"font-family: verdana, arial, sans-serif;\"><span style=\"font-size: small;\"><b>Wird die Ware nicht geliefert, wird die Firma Smart Reflow GmbH den Kunden unverz\u00fcglich \u00fcber diesen Umstand informieren und den Kaufpreis erstatten.<\/b><\/span><\/span><\/span><\/p>\n<p><span style=\"color: #1d2d7c;\"><span style=\"font-family: verdana, arial, sans-serif;\"><span style=\"font-size: small;\"><b>5. Gefahr\u00fcbergang<\/b><\/span><\/span><\/span><br \/>\n<span style=\"color: #1d2d7c;\"><span style=\"font-family: verdana, arial, sans-serif;\"><span style=\"font-size: small;\"><b>Die Gefahr geht mit \u00dcbergabe der Ware an das Transportunternehmen auf den Kunden \u00fcber.<\/b><\/span><\/span><\/span><\/p>\n<p><span style=\"color: #1d2d7c;\"><span style=\"font-family: verdana, arial, sans-serif;\"><span style=\"font-size: small;\"><b>Widerrufsbelehrung<\/b><\/span><\/span><\/span><\/p>\n<p><span style=\"color: #1d2d7c;\"><span style=\"font-family: verdana, arial, sans-serif;\"><span style=\"font-size: small;\"><b>Widerrufsrecht:<\/b><\/span><\/span><\/span><br \/>\n<span style=\"color: #1d2d7c;\"><span style=\"font-family: verdana, arial, sans-serif;\"><span style=\"font-size: small;\"><b>Dem privaten Endverbraucher steht bei Fernabsatzvertr\u00e4gen ein Widerrufsrecht zu. Nach Ma\u00dfgabe des Gesetzes hat er innerhalb 1 Monat nach Erhalt der Ware die M\u00f6glichkeit, den Vertrag ohne Begr\u00fcndung zu widerrufen. Der Widerruf kann schriftlich oder durch R\u00fccksendung der Ware erfolgen; zur Fristwahrung gen\u00fcgt die rechtzeitige Absendung an Firma Smart Reflow GmbH, Siemensstrasse 1, 63755 Alzenau<\/b><\/span><\/span><\/span><br \/>\n<span style=\"color: #1d2d7c;\"><span style=\"font-family: verdana, arial, sans-serif;\"><span style=\"font-size: small;\"><b>Das Widerrufsrecht besteht nicht bei Fernabsatzvertr\u00e4gen zur Lieferung von Waren, die nach Kundenspezifikation angefertigt werden oder eindeutig auf die pers\u00f6nlichen Bed\u00fcrfnisse zugeschnitten sind oder die auf Grund ihrer Beschaffenheit nicht f\u00fcr eine R\u00fccksendung geeignet sind.<\/b><\/span><\/span><\/span><\/p>\n<p><span style=\"color: #1d2d7c;\"><span style=\"font-family: verdana, arial, sans-serif;\"><span style=\"font-size: small;\"><b>Widerrufsfolgen:<\/b><\/span><\/span><\/span><br \/>\n<span style=\"color: #1d2d7c;\"><span style=\"font-family: verdana, arial, sans-serif;\"><span style=\"font-size: small;\"><b>Im Falle eines wirksamen Widerrufs sind die beiderseits empfangenen Leistungen zur\u00fcckzugew\u00e4hren. Der Kunde tr\u00e4gt die Kosten der R\u00fccksendung, wenn die gelieferte Ware der bestellten entspricht und wenn der Preis der zur\u00fcckzusendenden Sache einen Betrag von 40,00 \u20ac nicht \u00fcbersteigt oder wenn bei einem h\u00f6heren Preis der Sache der Kunde zum Zeitpunkt des Widerrufs die Gegenleistung oder eine vertraglich vereinbarte Teilzahlung noch nicht erbracht hat. Anderenfalls ist die R\u00fccksendung f\u00fcr den Kunden kostenfrei. Nicht paketversandf\u00e4hige Sachen werden beim Kunden abgeholt. Verpflichtungen zur Erstattung von Zahlungen sind innerhalb von 30 Tagen nach Absendung der Widerrufserkl\u00e4rung zu erf\u00fcllen.<\/b><\/span><\/span><\/span><br \/>\n<span style=\"color: #1d2d7c;\"><span style=\"font-family: verdana, arial, sans-serif;\"><span style=\"font-size: small;\"><b>Kann der Kunde die von der Verk\u00e4uferin empfangene Leistung ganz oder teilweise nicht oder nur in verschlechtertem Zustand zur\u00fcckgew\u00e4hren, hat er insoweit ggf. Wertersatz leisten. Dies gilt nicht, wenn die Verschlechterung der Sache ausschlie\u00dflich auf deren Pr\u00fcfung, wie sie ihm etwa im Ladengesch\u00e4ft m\u00f6glich gewesen w\u00e4re, zur\u00fcckzuf\u00fchren ist.<\/b><\/span><\/span><\/span><br \/>\n<span style=\"color: #1d2d7c;\"><span style=\"font-family: verdana, arial, sans-serif;\"><span style=\"font-size: small;\"><b>Im \u00dcbrigen kann der Kunde die Wertersatzpflicht vermeiden, indem er die Sache nicht wie ein Eigent\u00fcmer in Gebrauch nimmt und alles unterl\u00e4sst, was deren Wert beeintr\u00e4chtigt. Die Bestimmungen dieses Absatzes gelten beim Kauf \u00fcber eine Online-Auktionsplattform nicht f\u00fcr die bestimmungsgem\u00e4l3e Ingebrauchnahme der Ware durch den Kunden, sondern nur f\u00fcr einen \u00fcberm\u00e4\u00dfigen Gebrauch i.S.d. \u00a7 346 Abs. 2 Satz 1 Nr. 3 BGB.<\/b><\/span><\/span><\/span><\/p>\n<p><span style=\"color: #1d2d7c;\"><span style=\"font-family: verdana, arial, sans-serif;\"><span style=\"font-size: small;\"><b>6. Eigentumsvorbehalt, Aufrechnung und Zur\u00fcckbehaltungsrecht<\/b><\/span><\/span><\/span><br \/>\n<span style=\"color: #1d2d7c;\"><span style=\"font-family: verdana, arial, sans-serif;\"><span style=\"font-size: small;\"><b>Die gelieferten Waren bleiben bis zur Erf\u00fcllung aller Forderungen aus dem Vertrag im Eigentum der Firma Smart Reflow GmbH; dies gilt auch im Falle, dass der Kunde eine juristische Person des \u00f6ffentlichen Rechts, \u00f6ffentlich-rechtliches Sonderverm\u00f6gen oder ein Unternehmer in Aus\u00fcbung seiner gewerblichen oder selbstst\u00e4ndigen beruflichen T\u00e4tigkeit ist. Weitergehend gilt dies bei laufenden Gesch\u00e4ftsbeziehung bis zum Ausgleich aller Forderungen, die Firma Smart Reflow GmbH im Zusammenhang mit dem Vertrag zustehen.<\/b><\/span><\/span><\/span><br \/>\n<span style=\"color: #1d2d7c;\"><span style=\"font-family: verdana, arial, sans-serif;\"><span style=\"font-size: small;\"><b>Das Recht zur Aufrechnung steht dem Kunden nur zu, wenn seine Gegenanspr\u00fcche von der Firma Smart Reflow GmbH anerkannt oder rechtskr\u00e4ftig festgestellt sind. Zur Aus\u00fcbung eines Zur\u00fcckbehaltungsrechts ist der Kunde nur insoweit befugt, als sein Gegenanspruch auf demselben Vertragsverh\u00e4ltnis beruht.<\/b><\/span><\/span><\/span><\/p>\n<p><span style=\"color: #1d2d7c;\"><span style=\"font-family: verdana, arial, sans-serif;\"><span style=\"font-size: small;\"><b>7. Haftung f\u00fcr Sach- und Rechtsm\u00e4ngel<\/b><\/span><\/span><\/span><br \/>\n<span style=\"color: #1d2d7c;\"><span style=\"font-family: verdana, arial, sans-serif;\"><span style=\"font-size: small;\"><b>Die Firma Smart Reflow GmbH schlie\u00dft beim Verkauf gebrauchter G\u00fcter jegliche Haftung f\u00fcr Sach- und Rechtsm\u00e4ngel im Sinne des \u00a7 444 BGB aus.<\/b><\/span><\/span><\/span><br \/>\n<span style=\"color: #1d2d7c;\"><span style=\"font-family: verdana, arial, sans-serif;\"><span style=\"font-size: small;\"><b>F\u00fcr Sch\u00e4den aufgrund einer Verletzung von Leben, K\u00f6rper und Gesundheit haftet die Verwenderin lediglich, soweit die Sch\u00e4den auf vors\u00e4tzlichen oder grob fahrl\u00e4ssigen Handeln beruht. Eine weitergehende Haftung ist ausgeschlossen.<\/b><\/span><\/span><\/span><br \/>\n<span style=\"color: #1d2d7c;\"><span style=\"font-family: verdana, arial, sans-serif;\"><span style=\"font-size: small;\"><b>Die von der Firma Smart Reflow GmbH in Katalogen, Prospekten und auf der Internetseite gemachten Angaben stellen keine Beschaffenheitsgarantie i.S.d. \u00a7 443 BGB dar.<\/b><\/span><\/span><\/span><br \/>\n<span style=\"color: #1d2d7c;\"><span style=\"font-family: verdana, arial, sans-serif;\"><span style=\"font-size: small;\"><b>Der Kunde kann offensichtliche M\u00e4ngel an den gelieferten Waren nur geltend machen, wenn er diese innerhalb von zwei Wochen nach Lieferung unter genauer Beschreibung schriftlich oder per E-Mail gegen\u00fcber der Firma Smart Reflow GmbH r\u00fcgt.<\/b><\/span><\/span><\/span><br \/>\n<span style=\"color: #1d2d7c;\"><span style=\"font-family: verdana, arial, sans-serif;\"><span style=\"font-size: small;\"><b>Ma\u00dfgeblich ist der Zeitpunkt der Absendung der M\u00e4ngelr\u00fcge. Eine sp\u00e4tere Geltendmachung ist ausgeschlossen. Soweit an dem Vertrag nur Kaufleute beteiligt sind, gelten erg\u00e4nzend die \u00a7\u00a7 377 ff. HGB.<\/b><\/span><\/span><\/span><br \/>\n<span style=\"color: #1d2d7c;\"><span style=\"font-family: verdana, arial, sans-serif;\"><span style=\"font-size: small;\"><b>M\u00e4ngel, die keine offensichtlichen M\u00e4ngel sind, sind innerhalb der gesetzlichen Gew\u00e4hrleistungsfrist unter genauer Beschreibung schriftlich oder per E-Mail gegen\u00fcber der Firma Smart Reflow GmbH zu r\u00fcgen. Liegen M\u00e4ngel vor und wurden diese rechtzeitig geltend gemacht, so ist die Firma Smart Reflow GmbH zur Nacherf\u00fcllung berechtigt. Im \u00dcbrigen gelten hinsichtlich der Gew\u00e4hrleistung die gesetzlichen Bestimmungen.<\/b><\/span><\/span><\/span><\/p>\n<p><span style=\"color: #1d2d7c;\"><span style=\"font-family: verdana, arial, sans-serif;\"><span style=\"font-size: small;\"><b>8. Transportsch\u00e4den<\/b><\/span><\/span><\/span><br \/>\n<span style=\"color: #1d2d7c;\"><span style=\"font-family: verdana, arial, sans-serif;\"><span style=\"font-size: small;\"><b>\u00c4u\u00dferlich erkennbare Sch\u00e4den an den Sendungen sind durch den Ablieferer der Sendung sofort in geeigneter Weise bescheinigen zu lassen. Die Bef\u00f6rderungsunternehmen sind hierzu verpflichtet. Bei \u00e4u\u00dferlich nicht erkennbaren Sch\u00e4den, M\u00e4ngeln oder Gewichtsminderungen am Inhalt, die sich zeigen, ist sofort mit dem weiteren Auspacken aufzuh\u00f6ren. Das Transportunternehmen ist umgehend schriftlich haftbar zu machen und zur Feststellung des Schadens aufzufordern. In allen F\u00e4llen sind Ware und Verpackung bis zur Aufnahme des Tatbestandes durch den Beauftragten des Transportunternehmens in dem Zustand zu belassen, in dem sie sich bei der Entdeckung des Schadens befinden.<\/b><\/span><\/span><\/span><\/p>\n<p><span style=\"color: #1d2d7c;\"><span style=\"font-family: verdana, arial, sans-serif;\"><span style=\"font-size: small;\"><b>9. Haftung<\/b><\/span><\/span><\/span><br \/>\n<span style=\"color: #1d2d7c;\"><span style=\"font-family: verdana, arial, sans-serif;\"><span style=\"font-size: small;\"><b>Die Firma Smart Reflow GmbH haftet uneingeschr\u00e4nkt f\u00fcr Pflichtverletzungen der Firma Smart Reflow GmbH oder deren Vertretern oder Erf\u00fcllungsgehilfen, die auf Vorsatz oder grober Fahrl\u00e4ssigkeit beruhen. Wird eine nicht wesentliche Vertragspflicht schuldhaft verletzt, beschr\u00e4nkt sich die Haftung der Firma Smart Reflow GmbH auf den vorhersehbaren Schaden, der typischerweise in vergleichbaren F\u00e4llen eintritt. Im \u00dcbrigen ist die Haftung ausgeschlossen.<\/b><\/span><\/span><\/span><br \/>\n<span style=\"color: #1d2d7c;\"><span style=\"font-family: verdana, arial, sans-serif;\"><span style=\"font-size: small;\"><b>Vom Haftungsausschluss unber\u00fchrt bleibt die Haftung der Firma Smart Reflow GmbH wegen einer Verletzung von Leben, K\u00f6rper und Gesundheit sowie die Haftung nach dem Produkthaftungsgesetz.<\/b><\/span><\/span><\/span><\/p>\n<p><span style=\"color: #1d2d7c;\"><span style=\"font-family: verdana, arial, sans-serif;\"><span style=\"font-size: small;\"><b>10. Datenspeicherung und Datenschutz<\/b><\/span><\/span><\/span><br \/>\n<span style=\"color: #1d2d7c;\"><span style=\"font-family: verdana, arial, sans-serif;\"><span style=\"font-size: small;\"><b>Dem Kunden ist bekannt und er willigt darin ein, dass die zur Abwicklung des Auftrags erforderlichen pers\u00f6nlichen Daten von der Firma Smart Reflow GmbH auf Datentr\u00e4gern gespeichert werden. Der Kunde stimmt der Erhebung, Verarbeitung und Nutzung seiner personenbezogenen Daten ausdr\u00fccklich zu. Die gespeicherten pers\u00f6nlichen Daten werden von der Firma Smart Reflow GmbH selbstverst\u00e4ndlich vertraulich behandelt. Die Erhebung, Verarbeitung und Nutzung der personenbezogenen Daten des Kunden erfolgt unter Beachtung unserer Datenschutzerkl\u00e4rung, des Bundesdatenschutzgesetzes (BDSG), des Teledienstdatenschutzgesetzes (TDDSG).<\/b><\/span><\/span><\/span><br \/>\n<span style=\"color: #1d2d7c;\"><span style=\"font-family: verdana, arial, sans-serif;\"><span style=\"font-size: small;\"><b>Dem Kunden steht das Recht zu, seine Einwilligung jederzeit mit Wirkung f\u00fcr die Zukunft zu widerrufen. Die Firma Smart Reflow GmbH ist in diesem Fall zur sofortigen L\u00f6schung der pers\u00f6nlichen Daten des Kunden verpflichtet. Bei laufenden Bestellvorg\u00e4ngen erfolgt die L\u00f6schung nach Abschluss des Bestellvorgangs.<\/b><\/span><\/span><\/span><\/p>\n<p><span style=\"color: #1d2d7c;\"><span style=\"font-family: verdana, arial, sans-serif;\"><span style=\"font-size: small;\"><b>Alzenau, 01.02.2013<\/b><\/span><\/span><\/span><\/p>\n","protected":false},"excerpt":{"rendered":"<p>1. Allgemeines Nachstehende Allgemeine Gesch\u00e4ftsbedingungen gelten f\u00fcr alle Vertr\u00e4ge, Lieferungen und sonstige Leistungen der Firma Smart Reflow GmbH, Siemensstrasse 1, 63755 Alzenau gegen\u00fcber ihren Kunden. Es gilt stets die zum Zeitpunkt der Bestellung g\u00fcltige Fassung der Allgemeinen Gesch\u00e4ftsbedingungen. Abweichenden Vorschriften der Kunden wird hiermit widersprochen. Abweichende Bedingungen erkennt die Firma Smart Reflow GmbH nur an, &hellip; <\/p>\n<p class=\"link-more\"><a href=\"https:\/\/smartreflow.de\/index.php\/allgemeine-geschaeftsbedingungen\/\" class=\"more-link\"><span class=\"screen-reader-text\">\u201eAllgemeine Gesch\u00e4ftsbedingungen\u201c <\/span>weiterlesen<\/a><\/p>\n","protected":false},"author":1,"featured_media":0,"parent":0,"menu_order":0,"comment_status":"closed","ping_status":"closed","template":"","meta":{"ngg_post_thumbnail":0,"footnotes":""},"class_list":["post-47","page","type-page","status-publish","hentry"],"_links":{"self":[{"href":"https:\/\/smartreflow.de\/index.php\/wp-json\/wp\/v2\/pages\/47","targetHints":{"allow":["GET"]}}],"collection":[{"href":"https:\/\/smartreflow.de\/index.php\/wp-json\/wp\/v2\/pages"}],"about":[{"href":"https:\/\/smartreflow.de\/index.php\/wp-json\/wp\/v2\/types\/page"}],"author":[{"embeddable":true,"href":"https:\/\/smartreflow.de\/index.php\/wp-json\/wp\/v2\/users\/1"}],"replies":[{"embeddable":true,"href":"https:\/\/smartreflow.de\/index.php\/wp-json\/wp\/v2\/comments?post=47"}],"version-history":[{"count":1,"href":"https:\/\/smartreflow.de\/index.php\/wp-json\/wp\/v2\/pages\/47\/revisions"}],"predecessor-version":[{"id":48,"href":"https:\/\/smartreflow.de\/index.php\/wp-json\/wp\/v2\/pages\/47\/revisions\/48"}],"wp:attachment":[{"href":"https:\/\/smartreflow.de\/index.php\/wp-json\/wp\/v2\/media?parent=47"}],"curies":[{"name":"wp","href":"https:\/\/api.w.org\/{rel}","templated":true}]}}